{"id":173,"date":"2015-04-15T18:22:57","date_gmt":"2015-04-15T18:22:57","guid":{"rendered":"http:\/\/webkepzo.hu\/?page_id=173"},"modified":"2021-01-10T18:02:09","modified_gmt":"2021-01-10T18:02:09","slug":"kamarai-mesterkepzes","status":"publish","type":"page","link":"http:\/\/webkepzo.hu\/?page_id=173","title":{"rendered":"KAMARAI MESTERK\u00c9PZ\u00c9S"},"content":{"rendered":"<h1 style=\"text-align: justify;\"><strong>\u00a0 \u00a0\u00a0<a href=\"http:\/\/webkepzo.hu\/wp-content\/uploads\/2015\/04\/PMKIK.jpg\"><img loading=\"lazy\" decoding=\"async\" class=\"alignnone wp-image-194\" src=\"http:\/\/webkepzo.hu\/wp-content\/uploads\/2015\/04\/PMKIK.jpg\" alt=\"PMKIK\" width=\"79\" height=\"63\" \/><\/a><\/strong><\/h1>\n<p style=\"text-align: justify;\"><span style=\"color: #0000ff;\">A magyar nemzetgazdas\u00e1g fontos strat\u00e9giai \u00e9rdeke a min\u0151s\u00e9gi szakk\u00e9pz\u00e9s, feln\u0151ttk\u00e9pz\u00e9s, \u00e9s az erre \u00e9p\u00fcl\u0151 <strong>mesterk\u00e9pz\u00e9s. <\/strong>\u00a0A tanfolyam \u00e9s a mestervizsga k\u00e9t r\u00e9szb\u0151l tev\u0151dik \u00f6ssze:<\/span><\/p>\n<p style=\"text-align: justify;\"><span style=\"color: #0000ff;\"><strong>1.\u00a0<em>pedag\u00f3giai \u00e9s v\u00e1llalkoz\u00e1si ismeretekb\u0151l<\/em><\/strong>, melyekb\u0151l sz\u00f3beli vizsg\u00e1t kell tenni<\/span><\/p>\n<p style=\"text-align: justify;\"><span style=\"color: #0000ff;\"><strong>2.\u00a0<em>szakmai r\u00e9szb\u0151l<\/em>,<\/strong> melyb\u0151l sz\u00f3beli, \u00edr\u00e1sbeli \u00e9s gyakorlati vizsg\u00e1t kell tenni.<\/span><\/p>\n<p style=\"text-align: justify;\"><span style=\"color: #0000ff;\">A k\u00e9pz\u00e9s\u00a0c\u00e9lja, hogy a szakemberek sz\u00e1m\u00e1ra biztos\u00edtsa a magasabb szint\u0171 szakmai elismerts\u00e9get jelent\u0151<strong> &#8222;mester&#8221; c\u00edm<\/strong> megszerz\u00e9s\u00e9t. A mester\u00a0a szakm\u00e1t tanul\u00f3 fiatalokkal, tudatosabb pedag\u00f3giai- \u00e9s magasabb szakmai \u00a0sz\u00ednvonalon tud foglalkozni.<\/span><\/p>\n<p style=\"text-align: justify;\"><span style=\"color: #0000ff;\"><strong>PMKIK\u00a0mesterk\u00e9pz\u00e9seinek hallgat\u00f3i<\/strong>, sz\u00ednvonalas szakmai felk\u00e9sz\u00fcl\u00e9s\u00fck sor\u00e1n &#8211; az orsz\u00e1g kamar\u00e1i k\u00f6z\u00fcl els\u0151k\u00e9nt &#8211; haszn\u00e1lhatj\u00e1k a XXI. sz\u00e1zad egyik legn\u00e9pszer\u0171bb t\u00e1voktat\u00e1si rendszer\u00e9t. Az internet alap\u00fa\u00a0<strong>Webk\u00e9pz\u0151 e-learning rendszer\u00a0<\/strong>kreat\u00edv m\u00f3don\u00a0eg\u00e9sz\u00edti ki a hagyom\u00e1nyos, tantermi \u00e9s munkahelyi k\u00e9pz\u00e9st. Biztos\u00edtja a mesterjel\u00f6ltek\u00a0sz\u00e1m\u00e1ra, hogy oktat\u00e1sokat k\u00f6vet\u0151en b\u00e1rmilyen helysz\u00ednen, b\u00e1rmikor a saj\u00e1t id\u0151beoszt\u00e1suk szerint, ism\u00e9telhess\u00e9k \u00e9s\u00a0m\u00e9ly\u00edthess\u00e9k tud\u00e1sukat.<\/span><\/p>\n<p><span style=\"color: #0000ff;\"><strong>Webk\u00e9pz\u0151 e-learning<\/strong> fel\u00fclete az al\u00e1bbi link kattit\u00e1s\u00e1val \u00e9rhet\u0151 el:<\/span><\/p>\n<h1><a href=\"http:\/\/webkepzo.hu\/e-learning\" target=\"_blank\" rel=\"noopener\"><strong>webkepzo.hu\/e-learning<\/strong><\/a><\/h1>\n<p><a href=\"http:\/\/webkepzo.hu\/e-learning\/\"><img decoding=\"async\" src=\"http:\/\/webkepzo.hu\/wp-content\/uploads\/2014\/12\/Webkepzo_logo-300x263.jpg\" \/><\/a><\/p>\n","protected":false},"excerpt":{"rendered":"<p>\u00a0 \u00a0\u00a0 A magyar nemzetgazdas\u00e1g fontos strat\u00e9giai \u00e9rdeke a min\u0151s\u00e9gi szakk\u00e9pz\u00e9s, feln\u0151ttk\u00e9pz\u00e9s, \u00e9s az erre \u00e9p\u00fcl\u0151 mesterk\u00e9pz\u00e9s. \u00a0A tanfolyam \u00e9s a mestervizsga k\u00e9t r\u00e9szb\u0151l tev\u0151dik \u00f6ssze: 1.\u00a0pedag\u00f3giai \u00e9s v\u00e1llalkoz\u00e1si ismeretekb\u0151l, melyekb\u0151l sz\u00f3beli vizsg\u00e1t kell tenni 2.\u00a0szakmai r\u00e9szb\u0151l, melyb\u0151l sz\u00f3beli, \u00edr\u00e1sbeli<span class=\"ellipsis\">&hellip;<\/span><\/p>\n<div class=\"read-more\"><a href=\"http:\/\/webkepzo.hu\/?page_id=173\">Tov\u00e1bb \u203a<\/a><\/div>\n<p><!-- end of .read-more --><\/p>\n","protected":false},"author":1,"featured_media":0,"parent":0,"menu_order":2,"comment_status":"closed","ping_status":"closed","template":"","meta":{"footnotes":""},"class_list":["post-173","page","type-page","status-publish","hentry"],"_links":{"self":[{"href":"http:\/\/webkepzo.hu\/index.php?rest_route=\/wp\/v2\/pages\/173","targetHints":{"allow":["GET"]}}],"collection":[{"href":"http:\/\/webkepzo.hu\/index.php?rest_route=\/wp\/v2\/pages"}],"about":[{"href":"http:\/\/webkepzo.hu\/index.php?rest_route=\/wp\/v2\/types\/page"}],"author":[{"embeddable":true,"href":"http:\/\/webkepzo.hu\/index.php?rest_route=\/wp\/v2\/users\/1"}],"replies":[{"embeddable":true,"href":"http:\/\/webkepzo.hu\/index.php?rest_route=%2Fwp%2Fv2%2Fcomments&post=173"}],"version-history":[{"count":23,"href":"http:\/\/webkepzo.hu\/index.php?rest_route=\/wp\/v2\/pages\/173\/revisions"}],"predecessor-version":[{"id":458,"href":"http:\/\/webkepzo.hu\/index.php?rest_route=\/wp\/v2\/pages\/173\/revisions\/458"}],"wp:attachment":[{"href":"http:\/\/webkepzo.hu\/index.php?rest_route=%2Fwp%2Fv2%2Fmedia&parent=173"}],"curies":[{"name":"wp","href":"https:\/\/api.w.org\/{rel}","templated":true}]}}