{"id":366,"date":"2018-02-14T21:39:46","date_gmt":"2018-02-14T21:39:46","guid":{"rendered":"http:\/\/webkepzo.hu\/?page_id=366"},"modified":"2021-01-10T12:46:00","modified_gmt":"2021-01-10T12:46:00","slug":"a-webkepzo-honlap-celja-hogy","status":"publish","type":"page","link":"http:\/\/webkepzo.hu\/?page_id=366","title":{"rendered":"WEBK\u00c9PZ\u0150 C\u00c9LJA"},"content":{"rendered":"<p>hogy\u00a0 e-learning rendszer haszn\u00e1lat\u00e1val feln\u0151ttk\u00e9pz\u00e9s t\u00f6bb ter\u00fclet\u00e9n seg\u00edtsen az ismeretek t\u00e1voktat\u00e1ssal t\u00f6rt\u00e9n\u0151 megszerz\u00e9s\u00e9ben \u00e9s gyakorl\u00e1s\u00e1ban. Az \u00f6nk\u00e9pz\u00e9st k\u00fcl\u00f6nb\u00f6z\u0151 tananyagok, filmek, hangfelv\u00e9telek, Power Point bemutat\u00f3k, tesztek stb&#8230; seg\u00edtik kevert \u00fagynevezett blended learning form\u00e1ban. <strong>Haszn\u00e1lja \u00d6n is a Webk\u00e9pz\u0151 e-learning rendszer\u00e9t!<\/strong><\/p>\n<p><span style=\"text-decoration: underline;\">A Webk\u00e9pz\u0151 e-learning rendszer haszn\u00e1lat\u00e1t aj\u00e1nljuk az al\u00e1bbi ter\u00fcletekre:<\/span><\/p>\n<p>&#8211; OKJ-s szakk\u00e9pz\u00e9s- \u00e9s mesterk\u00e9pz\u00e9s elm\u00e9leti ismereteinek k\u00f6zl\u00e9s\u00e9re, gyakorl\u00e1s\u00e1ra<\/p>\n<p>&#8211; Biztos\u00edt\u00e1sk\u00f6zvet\u00edt\u0151i- \u00e9s p\u00e9nz\u00fcgyi k\u00f6zvet\u00edt\u0151i hat\u00f3s\u00e1gi vizsga tananyagainak k\u00f6zvet\u00edt\u00e9s\u00e9re \u00e9s vizsga tesztjeinek gyakorl\u00e1s\u00e1ra.<\/p>\n<p>&#8211; V\u00e1llalati k\u00e9pz\u00e9sek, t\u0171z- \u00e9s balesetv\u00e9delmi oktat\u00e1sok, vizsg\u00e1ztat\u00e1sok, sz\u00e1monk\u00e9r\u00e9sek \u00a0lebonyol\u00edt\u00e1s\u00e1ra.<\/p>\n<p>&#8211; Term\u00e9szetgy\u00f3gy\u00e1sz k\u00e9pz\u00e9sek t\u00e1mogat\u00e1s\u00e1ra, tananyagok elsaj\u00e1t\u00edt\u00e1s\u00e1ra, valamint a megszerzett ismeretek gyakorl\u00e1s\u00e1ra.<\/p>\n<p>&#8211; Speci\u00e1lis v\u00e1llalati k\u00e9pz\u00e9sekre, \u00faj technol\u00f3gi\u00e1k, elj\u00e1r\u00e1sok bemutat\u00e1s\u00e1ra.<\/p>\n<p>&#8211; \u00a0\u00d6nfejleszt\u0151 oktat\u00e1sok, k\u00e9pz\u00e9sek lebonyol\u00edt\u00e1s\u00e1ra.<\/p>\n<p>&#8211; Sz\u00e1monk\u00e9r\u00e9s, tesztek azonnali \u00e9rt\u00e9kel\u00e9s\u00e9vel<\/p>\n<p>&#8211; Ha \u00d6nnek van saj\u00e1t fejleszt\u00e9s\u0171 tananyaga, akkor mi itt el\u00e9rhet\u0151v\u00e9 tessz\u00fck, hogy a nagyk\u00f6z\u00f6ns\u00e9g megismerje az<\/p>\n<p>&#8211; Ha a tananyag\u00e1t fizet\u0151ss\u00e9 szeretn\u00e9 tenni, akkor a rendszer ezt is tudja kezelni.<\/p>\n<p><strong>A WEBK\u00c9PZ\u0150 t\u00e1voktat\u00e1si e-larning<\/strong> rendszere az al\u00e1bbi linkr\u0151l \u00e9rhet\u0151 el:<\/p>\n<h1><a href=\"http:\/\/webkepzo.hu\/e-learning\" target=\"_blank\" rel=\"noopener\"><span style=\"color: #3366ff;\"><strong>webkepzo.hu\/e-learning<\/strong><\/span><\/a><\/h1>\n<p><a href=\"http:\/\/webkepzo.hu\/e-learning\/\"><img loading=\"lazy\" decoding=\"async\" class=\"alignnone size-full wp-image-332\" src=\"http:\/\/webkepzo.hu\/wp-content\/uploads\/2014\/12\/Webkepzo_logo-300x263.jpg\" alt=\"\" width=\"300\" height=\"263\" \/><\/a><\/p>\n","protected":false},"excerpt":{"rendered":"<p>hogy\u00a0 e-learning rendszer haszn\u00e1lat\u00e1val feln\u0151ttk\u00e9pz\u00e9s t\u00f6bb ter\u00fclet\u00e9n seg\u00edtsen az ismeretek t\u00e1voktat\u00e1ssal t\u00f6rt\u00e9n\u0151 megszerz\u00e9s\u00e9ben \u00e9s gyakorl\u00e1s\u00e1ban. Az \u00f6nk\u00e9pz\u00e9st k\u00fcl\u00f6nb\u00f6z\u0151 tananyagok, filmek, hangfelv\u00e9telek, Power Point bemutat\u00f3k, tesztek stb&#8230; seg\u00edtik kevert \u00fagynevezett blended learning form\u00e1ban. Haszn\u00e1lja \u00d6n is a Webk\u00e9pz\u0151 e-learning rendszer\u00e9t! A<span class=\"ellipsis\">&hellip;<\/span><\/p>\n<div class=\"read-more\"><a href=\"http:\/\/webkepzo.hu\/?page_id=366\">Tov\u00e1bb \u203a<\/a><\/div>\n<p><!-- end of .read-more --><\/p>\n","protected":false},"author":1,"featured_media":0,"parent":0,"menu_order":1,"comment_status":"closed","ping_status":"closed","template":"","meta":{"footnotes":""},"class_list":["post-366","page","type-page","status-publish","hentry"],"_links":{"self":[{"href":"http:\/\/webkepzo.hu\/index.php?rest_route=\/wp\/v2\/pages\/366","targetHints":{"allow":["GET"]}}],"collection":[{"href":"http:\/\/webkepzo.hu\/index.php?rest_route=\/wp\/v2\/pages"}],"about":[{"href":"http:\/\/webkepzo.hu\/index.php?rest_route=\/wp\/v2\/types\/page"}],"author":[{"embeddable":true,"href":"http:\/\/webkepzo.hu\/index.php?rest_route=\/wp\/v2\/users\/1"}],"replies":[{"embeddable":true,"href":"http:\/\/webkepzo.hu\/index.php?rest_route=%2Fwp%2Fv2%2Fcomments&post=366"}],"version-history":[{"count":10,"href":"http:\/\/webkepzo.hu\/index.php?rest_route=\/wp\/v2\/pages\/366\/revisions"}],"predecessor-version":[{"id":454,"href":"http:\/\/webkepzo.hu\/index.php?rest_route=\/wp\/v2\/pages\/366\/revisions\/454"}],"wp:attachment":[{"href":"http:\/\/webkepzo.hu\/index.php?rest_route=%2Fwp%2Fv2%2Fmedia&parent=366"}],"curies":[{"name":"wp","href":"https:\/\/api.w.org\/{rel}","templated":true}]}}