{"id":53,"date":"2014-12-06T01:00:08","date_gmt":"2014-12-06T01:00:08","guid":{"rendered":"http:\/\/webkepzo.hu\/?page_id=53"},"modified":"2018-02-14T21:56:52","modified_gmt":"2018-02-14T21:56:52","slug":"termeszetgyogyaszat","status":"publish","type":"page","link":"http:\/\/webkepzo.hu\/?page_id=53","title":{"rendered":"KISOSZ K\u00c9PZ\u00c9SEI"},"content":{"rendered":"<p><strong><a href=\"http:\/\/webkepzo.hu\/wp-content\/uploads\/2014\/12\/kisosz_emblema.jpg\"><img loading=\"lazy\" decoding=\"async\" class=\"alignnone wp-image-213\" src=\"http:\/\/webkepzo.hu\/wp-content\/uploads\/2014\/12\/kisosz_emblema-300x246.jpg\" alt=\"kisosz_emblema\" width=\"94\" height=\"77\" srcset=\"http:\/\/webkepzo.hu\/wp-content\/uploads\/2014\/12\/kisosz_emblema-300x246.jpg 300w, http:\/\/webkepzo.hu\/wp-content\/uploads\/2014\/12\/kisosz_emblema.jpg 355w\" sizes=\"auto, (max-width: 94px) 100vw, 94px\" \/><\/a><\/strong><\/p>\n<p><strong>KISOSZ<\/strong> a keresked\u0151k \u00e9s vend\u00e9gl\u00e1t\u00f3k \u00e9rdekk\u00e9pviseleti szervezetek\u00e9nt m\u0171k\u00f6dik. Az \u00e9rdekk\u00e9pviseleti tev\u00e9kenys\u00e9gen t\u00fal, a szakmai \u00e9rdekelts\u00e9g\u00e9hez tartoz\u00f3 v\u00e1llalkoz\u00f3k r\u00e9sz\u00e9re szakmai k\u00e9pz\u00e9sek \u00e9s vizsg\u00e1ztat\u00e1sok lebonyol\u00edt\u00e1s\u00e1val foglalkozik, mint vizsg\u00e1ztat\u00e1si joggal rendelkez\u0151 feln\u0151tt k\u00e9pz\u0151 int\u00e9zet.<\/p>\n<p>A <strong>KISOSZ<\/strong> a k\u00e9pz\u00e9sei sz\u00ednvonal\u00e1nak, hallgt\u00f3i tud\u00e1s\u00e1nak n\u00f6vel\u00e9se \u00e9rdek\u00e9ben kialak\u00edtotta internetalap\u00fa <strong>Webk\u00e9pz\u0151 e-learning<\/strong> t\u00e1voktat\u00e1si rendszer\u00e9t. A rendszer seg\u00edts\u00e9g\u00e9vel a tanfolyamok hallgat\u00f3i a tantermi el\u0151ad\u00e1sokat k\u00f6vet\u0151en saj\u00e1t id\u0151beoszt\u00e1suk szerint tudnak tanulni, felk\u00e9sz\u00fclni, ismereteiket b\u0151v\u00edteni.<\/p>\n<p><strong><span style=\"text-decoration: underline;\">Tanfolyamok \u00e9s vizsg\u00e1ztat\u00e1s ir\u00e1nti \u00e9rdekl\u0151d\u00e9s:<\/span><\/strong><\/p>\n<p><strong>a KISOSZ Pest megyei szervezet\u00e9n\u00e9l<\/strong> 1115 Budapest Bart\u00f3k B\u00e9la \u00fat 134.\u00a0Tel: +36 1 208 5495 ; Mobil: +36 30 231 6829 ; e-mail: kisoszpm@t-online.hu ; honlap: www.kisoszpm.oldalunk.hu<\/p>\n<p>&nbsp;<\/p>\n<p>A <strong>KISOSZ t\u00e1voktat\u00e1si rendszere<\/strong> az al\u00e1bbi linkr\u0151l \u00e9rhet\u0151 el:<\/p>\n<h3><span style=\"color: #0000ff;\"><strong><a style=\"color: #0000ff;\" href=\"http:\/\/kisosz.wellunic.hu\/elearning\/\" target=\"_blank\" rel=\"noopener\">www.kisosz.wellunic.hu\/elearning\/<\/a><\/strong><\/span><\/h3>\n","protected":false},"excerpt":{"rendered":"<p>KISOSZ a keresked\u0151k \u00e9s vend\u00e9gl\u00e1t\u00f3k \u00e9rdekk\u00e9pviseleti szervezetek\u00e9nt m\u0171k\u00f6dik. Az \u00e9rdekk\u00e9pviseleti tev\u00e9kenys\u00e9gen t\u00fal, a szakmai \u00e9rdekelts\u00e9g\u00e9hez tartoz\u00f3 v\u00e1llalkoz\u00f3k r\u00e9sz\u00e9re szakmai k\u00e9pz\u00e9sek \u00e9s vizsg\u00e1ztat\u00e1sok lebonyol\u00edt\u00e1s\u00e1val foglalkozik, mint vizsg\u00e1ztat\u00e1si joggal rendelkez\u0151 feln\u0151tt k\u00e9pz\u0151 int\u00e9zet. A KISOSZ a k\u00e9pz\u00e9sei sz\u00ednvonal\u00e1nak, hallgt\u00f3i tud\u00e1s\u00e1nak n\u00f6vel\u00e9se \u00e9rdek\u00e9ben<span class=\"ellipsis\">&hellip;<\/span><\/p>\n<div class=\"read-more\"><a href=\"http:\/\/webkepzo.hu\/?page_id=53\">Tov\u00e1bb \u203a<\/a><\/div>\n<p><!-- end of .read-more --><\/p>\n","protected":false},"author":1,"featured_media":0,"parent":0,"menu_order":3,"comment_status":"closed","ping_status":"closed","template":"","meta":{"footnotes":""},"class_list":["post-53","page","type-page","status-publish","hentry"],"_links":{"self":[{"href":"http:\/\/webkepzo.hu\/index.php?rest_route=\/wp\/v2\/pages\/53","targetHints":{"allow":["GET"]}}],"collection":[{"href":"http:\/\/webkepzo.hu\/index.php?rest_route=\/wp\/v2\/pages"}],"about":[{"href":"http:\/\/webkepzo.hu\/index.php?rest_route=\/wp\/v2\/types\/page"}],"author":[{"embeddable":true,"href":"http:\/\/webkepzo.hu\/index.php?rest_route=\/wp\/v2\/users\/1"}],"replies":[{"embeddable":true,"href":"http:\/\/webkepzo.hu\/index.php?rest_route=%2Fwp%2Fv2%2Fcomments&post=53"}],"version-history":[{"count":14,"href":"http:\/\/webkepzo.hu\/index.php?rest_route=\/wp\/v2\/pages\/53\/revisions"}],"predecessor-version":[{"id":360,"href":"http:\/\/webkepzo.hu\/index.php?rest_route=\/wp\/v2\/pages\/53\/revisions\/360"}],"wp:attachment":[{"href":"http:\/\/webkepzo.hu\/index.php?rest_route=%2Fwp%2Fv2%2Fmedia&parent=53"}],"curies":[{"name":"wp","href":"https:\/\/api.w.org\/{rel}","templated":true}]}}