{"id":56,"date":"2014-12-06T01:00:39","date_gmt":"2014-12-06T01:00:39","guid":{"rendered":"http:\/\/webkepzo.hu\/?page_id=56"},"modified":"2023-02-21T09:36:07","modified_gmt":"2023-02-21T09:36:07","slug":"hatosagi-kepzes","status":"publish","type":"page","link":"http:\/\/webkepzo.hu\/?page_id=56","title":{"rendered":"KAPCSOLAT"},"content":{"rendered":"<address><strong>A Webk\u00e9pz\u0151 e-learningel kapcsolatos k\u00e9rd\u00e9seivel keresse\u00a0a honlap \u00fczemeltet\u0151j\u00e9t:<\/strong><\/address>\n<address><strong>Gyovai J\u00e1nos (EV \u2013 nyilv\u00e1ntart\u00e1si sz\u00e1m: 4736221)<\/strong><\/address>\n<address><strong>E-mail:<\/strong><strong>\u00a0<\/strong><span style=\"color: #3366ff;\"><strong><span style=\"color: #0000ff;\"><a style=\"color: #0000ff;\" href=\"mailto:webkepzo@gmail.com\"><span style=\"text-decoration: underline;\">webkepzo@gmail.com<\/span><\/a><\/span>\u00a0<\/strong><\/span>\u00a0<\/address>\n<address><strong>Mobil:<\/strong> +36 20 941 7771 \u00a0 \u00a0 \u00a0 \u00a0 \u00a0 \u00a0 \u00a0 \u00a0 \u00a0 \u00a0 \u00a0 \u00a0 \u00a0 \u00a0 \u00a0 \u00a0 \u00a0<\/address>\n<address><b>Telephely:<\/b>\u00a02730 Albertirsa K\u00f6zt\u00e1rsas\u00e1g u. 1-5<\/address>\n<address><strong>Banksz\u00e1mla sz\u00e1m<\/strong>:\u00a0 P\u00e1tria Takar\u00e9k 65100170-11419275<\/address>\n<address><b>Ad\u00f3sz\u00e1m:<\/b> 49871568-2-33<\/address>\n<address><strong>Statisztikai sz\u00e1mjel:<\/strong> 49871568-4771-231-13<\/address>\n<address><strong>Kamarai azonos\u00edt\u00f3 sz\u00e1m: <\/strong>8184<\/address>\n","protected":false},"excerpt":{"rendered":"<p>A Webk\u00e9pz\u0151 e-learningel kapcsolatos k\u00e9rd\u00e9seivel keresse\u00a0a honlap \u00fczemeltet\u0151j\u00e9t: Gyovai J\u00e1nos (EV \u2013 nyilv\u00e1ntart\u00e1si sz\u00e1m: 4736221) E-mail:\u00a0webkepzo@gmail.com\u00a0\u00a0 Mobil: +36 20 941 7771 \u00a0 \u00a0 \u00a0 \u00a0 \u00a0 \u00a0 \u00a0 \u00a0 \u00a0 \u00a0 \u00a0 \u00a0 \u00a0 \u00a0 \u00a0 \u00a0 \u00a0 Telephely:\u00a02730 Albertirsa<span class=\"ellipsis\">&hellip;<\/span><\/p>\n<div class=\"read-more\"><a href=\"http:\/\/webkepzo.hu\/?page_id=56\">Tov\u00e1bb \u203a<\/a><\/div>\n<p><!-- end of .read-more --><\/p>\n","protected":false},"author":1,"featured_media":0,"parent":0,"menu_order":4,"comment_status":"closed","ping_status":"closed","template":"","meta":{"footnotes":""},"class_list":["post-56","page","type-page","status-publish","hentry"],"_links":{"self":[{"href":"http:\/\/webkepzo.hu\/index.php?rest_route=\/wp\/v2\/pages\/56","targetHints":{"allow":["GET"]}}],"collection":[{"href":"http:\/\/webkepzo.hu\/index.php?rest_route=\/wp\/v2\/pages"}],"about":[{"href":"http:\/\/webkepzo.hu\/index.php?rest_route=\/wp\/v2\/types\/page"}],"author":[{"embeddable":true,"href":"http:\/\/webkepzo.hu\/index.php?rest_route=\/wp\/v2\/users\/1"}],"replies":[{"embeddable":true,"href":"http:\/\/webkepzo.hu\/index.php?rest_route=%2Fwp%2Fv2%2Fcomments&post=56"}],"version-history":[{"count":11,"href":"http:\/\/webkepzo.hu\/index.php?rest_route=\/wp\/v2\/pages\/56\/revisions"}],"predecessor-version":[{"id":497,"href":"http:\/\/webkepzo.hu\/index.php?rest_route=\/wp\/v2\/pages\/56\/revisions\/497"}],"wp:attachment":[{"href":"http:\/\/webkepzo.hu\/index.php?rest_route=%2Fwp%2Fv2%2Fmedia&parent=56"}],"curies":[{"name":"wp","href":"https:\/\/api.w.org\/{rel}","templated":true}]}}