{"id":70,"date":"2014-12-06T01:14:55","date_gmt":"2014-12-06T01:14:55","guid":{"rendered":"http:\/\/webkepzo.hu\/?page_id=70"},"modified":"2021-01-19T07:24:58","modified_gmt":"2021-01-19T07:24:58","slug":"eu-modol","status":"publish","type":"page","link":"https:\/\/webkepzo.hu\/","title":{"rendered":"V\u00e1llalkoz\u00f3i Siker Klub"},"content":{"rendered":"<p><a href=\"http:\/\/webkepzo.hu\/wp-content\/uploads\/2018\/02\/VSKLUB_logo_citiprint.png\"><img loading=\"lazy\" decoding=\"async\" class=\"wp-image-375 aligncenter\" src=\"http:\/\/webkepzo.hu\/wp-content\/uploads\/2018\/02\/VSKLUB_logo_citiprint.png\" alt=\"\" width=\"255\" height=\"118\" \/><\/a><\/p>\n<h3 style=\"text-align: center;\"><strong>&#8222;A siker l\u00e9tr\u00e1j\u00e1t nem lehet zsebre tett k\u00e9zzel megm\u00e1szni.&#8221;<\/strong><\/h3>\n<p style=\"text-align: right;\">(Arnold Schwarzenegger)<\/p>\n<p><!--more--><\/p>\n<p><a href=\"http:\/\/webkepzo.hu\/wp-content\/uploads\/2014\/12\/VSKlub_alap\u00edt\u00f3i.jpg\"><img loading=\"lazy\" decoding=\"async\" class=\"wp-image-323 aligncenter\" src=\"http:\/\/webkepzo.hu\/wp-content\/uploads\/2014\/12\/VSKlub_alap\u00edt\u00f3i.jpg\" alt=\"\" width=\"343\" height=\"202\" \/><\/a><\/p>\n<p style=\"text-align: center;\">A <strong>V\u00c1LLALKOZ\u00d3I SIKER KLUB<\/strong> alap\u00edt\u00f3i:<\/p>\n<p style=\"text-align: center;\">Dr. Farkas Ilona Pal\u00e1nkai G\u00e1bor Gyovai J\u00e1nos<\/p>\n<p style=\"text-align: center;\"><strong>V\u00c1LLALKOZ\u00d3I SIKER KLUB <\/strong><\/p>\n<p style=\"text-align: center;\">Rendezv\u00e9nyeinek, el\u0151ad\u00e1sainak anyagait, prezent\u00e1ci\u00f3it \u00e9s vide\u00f3 felv\u00e9teleit a <strong>Webk\u00e9pz\u0151 e-learning rendszer\u00e9ben tessz\u00fck el\u00e9rhet\u0151v\u00e9<\/strong>,\u00a0 amely az al\u00e1bbi linken \u00e9rhet\u0151 el:<\/p>\n<h3 style=\"text-align: center;\"><a href=\"http:\/\/webkepzo.hu\/e-learning\" target=\"_blank\" rel=\"noopener\"><img loading=\"lazy\" decoding=\"async\" class=\"alignnone wp-image-332\" src=\"http:\/\/webkepzo.hu\/wp-content\/uploads\/2014\/12\/Webkepzo_logo-300x263.jpg\" alt=\"\" width=\"116\" height=\"101\" \/><\/a><a href=\"http:\/\/webkepzo.hu\/e-learning\" target=\"_blank\" rel=\"noopener\">http:\/\/webkepzo.hu\/e-learning<\/a><\/h3>\n<p><!--more--><\/p>\n<p><!--more--><\/p>\n<p>Az e-learning rendszer <strong>Moodle<\/strong> alkalmaz\u00e1sban \u00e9rhet\u0151 el. Itt az els\u0151 bel\u00e9p\u00e9skor regisztr\u00e1lni kell, n\u00e9vvel, e-mail c\u00edmmel \u00e9s saj\u00e1t jelsz\u00f3val. Majd ezt k\u00f6vet\u0151en \u00e9rhet\u0151k el a V\u00e1llalkoz\u00f3i Siker Klub kurzusai (rendezv\u00e9nyei, el\u0151ad\u00e1sai, vide\u00f3 felv\u00e9telei). Moodle App. okostelefonra is let\u00f6lthet\u0151.<\/p>\n<p style=\"text-align: center;\">A <strong>V\u00e1llalkoz\u00f3i Siker Klub<\/strong> soronk\u00f6vetkez\u0151, tervezett rendezv\u00e9nyer\u0151l a<\/p>\n<h3 style=\"text-align: center;\"><strong><a href=\"http:\/\/www.vsklub.hu\" target=\"_blank\" rel=\"noopener\">http:\/\/www.vsklub.hu<\/a>\u00a0<\/strong><\/h3>\n<p style=\"text-align: center;\">honlapon lehet t\u00e1j\u00e9koz\u00f3dni.<\/p>\n\n\n<p><\/p>\n","protected":false},"excerpt":{"rendered":"<p>&#8222;A siker l\u00e9tr\u00e1j\u00e1t nem lehet zsebre tett k\u00e9zzel megm\u00e1szni.&#8221; (Arnold Schwarzenegger)<\/p>\n","protected":false},"author":1,"featured_media":0,"parent":0,"menu_order":0,"comment_status":"closed","ping_status":"closed","template":"full-width-page.php","meta":{"footnotes":""},"class_list":["post-70","page","type-page","status-publish","hentry"],"_links":{"self":[{"href":"https:\/\/webkepzo.hu\/index.php?rest_route=\/wp\/v2\/pages\/70","targetHints":{"allow":["GET"]}}],"collection":[{"href":"https:\/\/webkepzo.hu\/index.php?rest_route=\/wp\/v2\/pages"}],"about":[{"href":"https:\/\/webkepzo.hu\/index.php?rest_route=\/wp\/v2\/types\/page"}],"author":[{"embeddable":true,"href":"https:\/\/webkepzo.hu\/index.php?rest_route=\/wp\/v2\/users\/1"}],"replies":[{"embeddable":true,"href":"https:\/\/webkepzo.hu\/index.php?rest_route=%2Fwp%2Fv2%2Fcomments&post=70"}],"version-history":[{"count":55,"href":"https:\/\/webkepzo.hu\/index.php?rest_route=\/wp\/v2\/pages\/70\/revisions"}],"predecessor-version":[{"id":481,"href":"https:\/\/webkepzo.hu\/index.php?rest_route=\/wp\/v2\/pages\/70\/revisions\/481"}],"wp:attachment":[{"href":"https:\/\/webkepzo.hu\/index.php?rest_route=%2Fwp%2Fv2%2Fmedia&parent=70"}],"curies":[{"name":"wp","href":"https:\/\/api.w.org\/{rel}","templated":true}]}}